{"id":6,"date":"2015-03-02T16:53:57","date_gmt":"2015-03-02T16:53:57","guid":{"rendered":"http:\/\/nauzerelectronics.com\/?page_id=6"},"modified":"2023-11-08T12:18:02","modified_gmt":"2023-11-08T12:18:02","slug":"compania","status":"publish","type":"page","link":"https:\/\/www.nauzerelectronics.com\/es\/compania\/","title":{"rendered":"Conoce Nauzer Electronics"},"content":{"rendered":"[vc_row row_type=\u00bbrow\u00bb type=\u00bbfull_width\u00bb text_align=\u00bbleft\u00bb css_animation=\u00bb\u00bb][vc_column][\/vc_column][\/vc_row][vc_row row_type=\u00bbrow\u00bb type=\u00bbfull_width\u00bb text_align=\u00bbleft\u00bb css_animation=\u00bb\u00bb][vc_column][vc_column_text]Con esp\u00edritu de responsabilidad e innovaci\u00f3n en cuanto a calidad, dise\u00f1o y fiabilidad de nuestros productos, desde <strong>NAUZER<\/strong> nos esforzamos para proporcionar a nuestros clientes un importante diferencial en el momento de hacer uso de sus dispositivos de radiocomunicaci\u00f3n.\r\n\r\nDurante nuestra trayectoria como fabricantes de accesorios de alta calidad hemos sabido evolucionar, adapt\u00e1ndonos a las necesidades cambiantes de un mercado cada vez m\u00e1s exigente, en el que la calidad otorga un extra importante y donde hemos forjado nuestro sello y s\u00edmbolo de identidad.\r\n<h2>Departamento I+D+I<\/h2>\r\nEn NAUZER siempre hemos apostado por la <strong>mejora constante<\/strong> y la <strong>evoluci\u00f3n de nuestros productos<\/strong>, renovando nuestras gamas e incorporando nuevos materiales, funcionalidades y tecnolog\u00edas. Todo esto no ser\u00eda posible sin nuestro departamento de I+D+I (Investigaci\u00f3n, Desarrollo e Innovaci\u00f3n).\r\n\r\nGracias a nuestro departamento de I+D+I hemos podido desarrollar e implementar nuevas tecnolog\u00edas como <strong>CSP SOUND<\/strong> y <strong>LWS SYSTEM<\/strong>, otorgando a nuestros accesorios una m\u00e1xima eficiencia en situaciones extremas.\r\n<h2>Responsabilidad medioambiental<\/h2>\r\nNuestro <strong>compromiso <\/strong>con el <strong>medioambiente <\/strong>es total. Desde NAUZER fomentamos el desarrollo sostenible en nuestros procesos, siendo esencial el cumplimiento de normativas y pol\u00edticas internas que favorecen la estrategia de las \u201c<strong>3-erres<\/strong>\u201d:\r\n\r\n<u><strong>R<\/strong>educir<\/u> la cantidad de residuos y elementos que se generan en nuestros procesos.\r\nComo ejemplo, hemos reducido un 30% el n\u00famero de fotocopias.\r\n\r\n<u><strong>R<\/strong>eutilizar<\/u> aquellos residuos o que puedan ser usados nuevamente, alargando la vida \u00fatil del producto o envoltorio.\r\nSiguiendo el ejemplo anterior, desde Nauzer reutilizamos nuestras hojas de papel por ambas caras.\r\n\r\n<u><strong>R<\/strong>eciclar<\/u> todos aquellos elementos que sean sensibles de poder ser reciclados.\r\nComo ejemplo, hemos incorporado dep\u00f3sitos especiales destinados al reciclaje de pl\u00e1stico, papel y cristal entre otros en nuestras instalaciones.\r\n<h2>Cumplimiento de normativas<\/h2>\r\nEn <strong>NAUZER<\/strong> siempre hemos apostado por la excelencia y la calidad, aspecto que queda completamente corroborado por las exigentes normativas que cumplen nuestros productos.\r\n\r\n<img decoding=\"async\" class=\"logo_norm\" src=\"http:\/\/www.nauzerelectronics.com\/wp-content\/themes\/strata-child\/img\/contenedor.jpg\" \/><img decoding=\"async\" class=\"logo_norm\" src=\"http:\/\/www.nauzerelectronics.com\/wp-content\/themes\/strata-child\/img\/ce.jpg\" \/><img decoding=\"async\" class=\"logo_norm\" src=\"http:\/\/www.nauzerelectronics.com\/wp-content\/themes\/strata-child\/img\/rohs.jpg\" \/><img decoding=\"async\" class=\"logo_norm\" src=\"http:\/\/www.nauzerelectronics.com\/wp-content\/themes\/strata-child\/img\/recicly.jpg\" \/>\r\n[\/vc_column_text][\/vc_column][\/vc_row]","protected":false},"excerpt":{"rendered":"<p>[vc_row row_type=\u00bbrow\u00bb type=\u00bbfull_width\u00bb text_align=\u00bbleft\u00bb css_animation=\u00bb\u00bb][vc_column][\/vc_column][\/vc_row][vc_row row_type=\u00bbrow\u00bb type=\u00bbfull_width\u00bb text_align=\u00bbleft\u00bb css_animation=\u00bb\u00bb][vc_column][vc_column_text]Con esp\u00edritu de responsabilidad e innovaci\u00f3n en cuanto a calidad,&#8230;<\/p>\n","protected":false},"author":1,"featured_media":13118,"parent":0,"menu_order":0,"comment_status":"closed","ping_status":"open","template":"","meta":{"footnotes":""},"_links":{"self":[{"href":"https:\/\/www.nauzerelectronics.com\/es\/wp-json\/wp\/v2\/pages\/6"}],"collection":[{"href":"https:\/\/www.nauzerelectronics.com\/es\/wp-json\/wp\/v2\/pages"}],"about":[{"href":"https:\/\/www.nauzerelectronics.com\/es\/wp-json\/wp\/v2\/types\/page"}],"author":[{"embeddable":true,"href":"https:\/\/www.nauzerelectronics.com\/es\/wp-json\/wp\/v2\/users\/1"}],"replies":[{"embeddable":true,"href":"https:\/\/www.nauzerelectronics.com\/es\/wp-json\/wp\/v2\/comments?post=6"}],"version-history":[{"count":36,"href":"https:\/\/www.nauzerelectronics.com\/es\/wp-json\/wp\/v2\/pages\/6\/revisions"}],"predecessor-version":[{"id":13405,"href":"https:\/\/www.nauzerelectronics.com\/es\/wp-json\/wp\/v2\/pages\/6\/revisions\/13405"}],"wp:featuredmedia":[{"embeddable":true,"href":"https:\/\/www.nauzerelectronics.com\/es\/wp-json\/wp\/v2\/media\/13118"}],"wp:attachment":[{"href":"https:\/\/www.nauzerelectronics.com\/es\/wp-json\/wp\/v2\/media?parent=6"}],"curies":[{"name":"wp","href":"https:\/\/api.w.org\/{rel}","templated":true}]}}