{"id":8,"date":"2015-03-02T16:54:20","date_gmt":"2015-03-02T16:54:20","guid":{"rendered":"http:\/\/nauzerelectronics.com\/?page_id=8"},"modified":"2023-11-08T11:22:13","modified_gmt":"2023-11-08T11:22:13","slug":"distribuidores","status":"publish","type":"page","link":"https:\/\/www.nauzerelectronics.com\/es\/distribuidores\/","title":{"rendered":"Distribuidores de accesorios para walkies y emisoras"},"content":{"rendered":"\n<h1 class=\"wp-block-heading\">Venta de Pinganillos, Auriculares y Accesorios para Walkie Talkies de Alta Calidad<\/h1>\n\n\n\n<p>En Nauzer, entendemos la importancia fundamental de los distribuidores en el mundo de las telecomunicaciones. Son el v\u00ednculo esencial entre nuestra empresa y los consumidores finales. En las instalaciones de un distribuidor, los clientes pueden experimentar de primera mano la calidad de nuestros productos, sintiendo la diferencia y probando su rendimiento. Adem\u00e1s, nuestros distribuidores est\u00e1n capacitados para brindar asesor\u00eda profesional, garantizando que cada cliente obtenga el producto adecuado para sus necesidades.<\/p>\n\n\n\n<h2 class=\"wp-block-heading\">Socios Estrat\u00e9gicos en Telecomunicaciones<\/h2>\n\n\n\n<p>Valoramos enormemente la retroalimentaci\u00f3n que recibimos de nuestros distribuidores. Ellos nos brindan informaci\u00f3n valiosa sobre la demanda del mercado y las necesidades de los clientes, lo que nos permite mejorar constantemente nuestros productos y servicios.<\/p>\n\n\n\n<h2 class=\"wp-block-heading\">Soporte T\u00e9cnico Profesional a Tu Alcance<\/h2>\n\n\n\n<p>En Nauzer, nuestro compromiso con la excelencia no se limita a nuestros productos. Ofrecemos un servicio t\u00e9cnico profesional altamente calificado para brindarte la asistencia que necesitas. Nuestro equipo t\u00e9cnico est\u00e1 listo para resolver cualquier problema y garantizar que tu experiencia con nuestros productos sea impecable.<\/p>\n\n\n\n<h2 class=\"wp-block-heading\">\u00bfEres el Distribuidor que Estamos Buscando?<\/h2>\n\n\n\n<p>Si a\u00fan no tienes un distribuidor de Nauzer en tu regi\u00f3n, \u00a1podr\u00edas ser la persona que estamos buscando! Si eres un profesional apasionado por las comunicaciones de alta calidad, que prioriza el servicio y la orientaci\u00f3n al cliente, podr\u00edas convertirte en nuestro pr\u00f3ximo distribuidor exitoso. \u00danete a nosotros y forma parte de nuestra red de distribuci\u00f3n global.<\/p>\n\n\n\n<h2 class=\"wp-block-heading\">Obt\u00e9n M\u00e1s Informaci\u00f3n<\/h2>\n\n\n\n<p>Si deseas obtener m\u00e1s informaci\u00f3n sobre c\u00f3mo convertirte en distribuidor de Nauzer o si tienes alguna pregunta, no dudes en ponerte en contacto con nosotros. Rellena nuestro <a title=\"contacto\" href=\"https:\/\/www.nauzerelectronics.com\/en\/contact\/\">formulario de contacto<\/a> y estaremos encantados de brindarte toda la informaci\u00f3n que necesitas para dar el siguiente paso en tu carrera como distribuidor de productos de telecomunicaciones de alta calidad.<\/p>\n","protected":false},"excerpt":{"rendered":"<p>Venta de Pinganillos, Auriculares y Accesorios para Walkie Talkies de Alta Calidad En Nauzer, entendemos la importancia fundamental&#8230;<\/p>\n","protected":false},"author":1,"featured_media":13120,"parent":0,"menu_order":0,"comment_status":"closed","ping_status":"open","template":"","meta":{"footnotes":""},"_links":{"self":[{"href":"https:\/\/www.nauzerelectronics.com\/es\/wp-json\/wp\/v2\/pages\/8"}],"collection":[{"href":"https:\/\/www.nauzerelectronics.com\/es\/wp-json\/wp\/v2\/pages"}],"about":[{"href":"https:\/\/www.nauzerelectronics.com\/es\/wp-json\/wp\/v2\/types\/page"}],"author":[{"embeddable":true,"href":"https:\/\/www.nauzerelectronics.com\/es\/wp-json\/wp\/v2\/users\/1"}],"replies":[{"embeddable":true,"href":"https:\/\/www.nauzerelectronics.com\/es\/wp-json\/wp\/v2\/comments?post=8"}],"version-history":[{"count":11,"href":"https:\/\/www.nauzerelectronics.com\/es\/wp-json\/wp\/v2\/pages\/8\/revisions"}],"predecessor-version":[{"id":13386,"href":"https:\/\/www.nauzerelectronics.com\/es\/wp-json\/wp\/v2\/pages\/8\/revisions\/13386"}],"wp:featuredmedia":[{"embeddable":true,"href":"https:\/\/www.nauzerelectronics.com\/es\/wp-json\/wp\/v2\/media\/13120"}],"wp:attachment":[{"href":"https:\/\/www.nauzerelectronics.com\/es\/wp-json\/wp\/v2\/media?parent=8"}],"curies":[{"name":"wp","href":"https:\/\/api.w.org\/{rel}","templated":true}]}}